{"id":1245,"date":"2025-02-20T11:28:55","date_gmt":"2025-02-20T14:28:55","guid":{"rendered":"https:\/\/planejarservicos.com.br\/?page_id=1245"},"modified":"2025-02-20T11:33:58","modified_gmt":"2025-02-20T14:33:58","slug":"lgpd","status":"publish","type":"page","link":"https:\/\/planejarservicos.com.br\/index.php\/lgpd\/","title":{"rendered":"Prote\u00e7\u00e3o de Dados e LGPD: Compromisso com a Seguran\u00e7a e Transpar\u00eancia"},"content":{"rendered":"\t\t<div data-elementor-type=\"wp-page\" data-elementor-id=\"1245\" class=\"elementor elementor-1245\">\n\t\t\t\t\t\t\t\t\t<section class=\"elementor-section elementor-top-section elementor-element elementor-element-c7f6bf8 elementor-section-boxed elementor-section-height-default elementor-section-height-default\" data-id=\"c7f6bf8\" data-element_type=\"section\">\n\t\t\t\t\t\t<div class=\"elementor-container elementor-column-gap-default\">\n\t\t\t\t\t<div class=\"elementor-column elementor-col-100 elementor-top-column elementor-element elementor-element-4236580\" data-id=\"4236580\" data-element_type=\"column\">\n\t\t\t<div class=\"elementor-widget-wrap elementor-element-populated\">\n\t\t\t\t\t\t\t\t<div class=\"elementor-element elementor-element-175ebd2 elementor-widget elementor-widget-text-editor\" data-id=\"175ebd2\" data-element_type=\"widget\" data-widget_type=\"text-editor.default\">\n\t\t\t\t<div class=\"elementor-widget-container\">\n\t\t\t<style>\/*! elementor - v3.6.0 - 21-03-2022 *\/\n.elementor-widget-text-editor.elementor-drop-cap-view-stacked .elementor-drop-cap{background-color:#818a91;color:#fff}.elementor-widget-text-editor.elementor-drop-cap-view-framed .elementor-drop-cap{color:#818a91;border:3px solid;background-color:transparent}.elementor-widget-text-editor:not(.elementor-drop-cap-view-default) .elementor-drop-cap{margin-top:8px}.elementor-widget-text-editor:not(.elementor-drop-cap-view-default) .elementor-drop-cap-letter{width:1em;height:1em}.elementor-widget-text-editor .elementor-drop-cap{float:left;text-align:center;line-height:1;font-size:50px}.elementor-widget-text-editor .elementor-drop-cap-letter{display:inline-block}<\/style>\t\t\t\t<p data-prosemirror-content-type=\"node\" data-prosemirror-node-name=\"paragraph\" data-prosemirror-node-block=\"true\" data-pm-slice=\"1 1 []\">Na Planejar Servi\u00e7os, a prote\u00e7\u00e3o dos dados pessoais e a privacidade de nossos clientes, colaboradores e parceiros s\u00e3o prioridades absolutas. Estamos totalmente comprometidos com o cumprimento da Lei Geral de Prote\u00e7\u00e3o de Dados (LGPD &#8211; Lei n\u00ba 13.709\/2018), que estabelece diretrizes claras sobre a coleta, armazenamento, tratamento e compartilhamento de informa\u00e7\u00f5es pessoais.<\/p><p data-prosemirror-content-type=\"node\" data-prosemirror-node-name=\"paragraph\" data-prosemirror-node-block=\"true\">Entendemos que os dados s\u00e3o ativos valiosos e, por isso, implementamos pol\u00edticas e pr\u00e1ticas rigorosas para garantir que todas as opera\u00e7\u00f5es envolvendo informa\u00e7\u00f5es pessoais sejam realizadas com \u00e9tica, transpar\u00eancia e seguran\u00e7a.<\/p><p data-prosemirror-content-type=\"node\" data-prosemirror-node-name=\"paragraph\" data-prosemirror-node-block=\"true\">Nossos Princ\u00edpios em Rela\u00e7\u00e3o \u00e0 LGPD:<br data-prosemirror-content-type=\"node\" data-prosemirror-node-name=\"hardBreak\" data-prosemirror-node-inline=\"true\" \/>Transpar\u00eancia: Informamos de forma clara e acess\u00edvel como os dados s\u00e3o coletados, para quais finalidades s\u00e3o utilizados e por quanto tempo s\u00e3o armazenados.<\/p><p data-prosemirror-content-type=\"node\" data-prosemirror-node-name=\"paragraph\" data-prosemirror-node-block=\"true\">Seguran\u00e7a: Utilizamos tecnologias avan\u00e7adas e protocolos de seguran\u00e7a para proteger os dados contra acessos n\u00e3o autorizados, perdas ou viola\u00e7\u00f5es.<\/p><p data-prosemirror-content-type=\"node\" data-prosemirror-node-name=\"paragraph\" data-prosemirror-node-block=\"true\">Minimiza\u00e7\u00e3o de Dados: Coletamos apenas as informa\u00e7\u00f5es estritamente necess\u00e1rias para a presta\u00e7\u00e3o dos servi\u00e7os, evitando o excesso de dados.<\/p><p data-prosemirror-content-type=\"node\" data-prosemirror-node-name=\"paragraph\" data-prosemirror-node-block=\"true\">Consentimento: Respeitamos a autonomia dos titulares de dados, solicitando consentimento sempre que necess\u00e1rio e garantindo o direito de revog\u00e1-lo a qualquer momento.<\/p><p data-prosemirror-content-type=\"node\" data-prosemirror-node-name=\"paragraph\" data-prosemirror-node-block=\"true\">Capacita\u00e7\u00e3o e Conscientiza\u00e7\u00e3o: Nossa equipe \u00e9 treinada e atualizada constantemente sobre as melhores pr\u00e1ticas de prote\u00e7\u00e3o de dados, garantindo que todos estejam alinhados com as diretrizes da LGPD.<\/p><p data-prosemirror-content-type=\"node\" data-prosemirror-node-name=\"paragraph\" data-prosemirror-node-block=\"true\">Resposta R\u00e1pida: Em caso de incidentes ou solicita\u00e7\u00f5es dos titulares de dados, agimos de forma \u00e1gil e respons\u00e1vel, mantendo todos os envolvidos informados e adotando as medidas cab\u00edveis.<\/p><p data-prosemirror-content-type=\"node\" data-prosemirror-node-name=\"paragraph\" data-prosemirror-node-block=\"true\">Compromisso com Voc\u00ea<br data-prosemirror-content-type=\"node\" data-prosemirror-node-name=\"hardBreak\" data-prosemirror-node-inline=\"true\" \/>A confian\u00e7a que nossos clientes e parceiros depositam em n\u00f3s \u00e9 nosso maior patrim\u00f4nio. Por isso, refor\u00e7amos nosso compromisso em seguir as melhores pr\u00e1ticas de governan\u00e7a e seguran\u00e7a da informa\u00e7\u00e3o, garantindo que todos os dados tratados por nossa empresa sejam protegidos com excel\u00eancia.<\/p><p data-prosemirror-content-type=\"node\" data-prosemirror-node-name=\"paragraph\" data-prosemirror-node-block=\"true\">Para mais informa\u00e7\u00f5es sobre nossas pol\u00edticas de privacidade e prote\u00e7\u00e3o de dados, entre em contato conosco atrav\u00e9s do <a href=\"mailto:lgpd@planejarservicos.com.br\" data-prosemirror-content-type=\"mark\" data-prosemirror-mark-name=\"link\">lgpd@planejarservicos.com.br<\/a>. Estamos \u00e0 disposi\u00e7\u00e3o para esclarecer d\u00favidas e garantir que sua experi\u00eancia conosco seja segura e transparente.<\/p><p data-prosemirror-content-type=\"node\" data-prosemirror-node-name=\"paragraph\" data-prosemirror-node-block=\"true\">Na Planejar Servi\u00e7os, a prote\u00e7\u00e3o de dados n\u00e3o \u00e9 apenas uma obriga\u00e7\u00e3o legal \u2013 \u00e9 um valor que guia todas as nossas a\u00e7\u00f5es.<\/p>\t\t\t\t\t\t<\/div>\n\t\t\t\t<\/div>\n\t\t\t\t\t<\/div>\n\t\t<\/div>\n\t\t\t\t\t\t\t<\/div>\n\t\t<\/section>\n\t\t\t\t\t\t\t<\/div>\n\t\t","protected":false},"excerpt":{"rendered":"<p>Na Planejar Servi\u00e7os, a prote\u00e7\u00e3o dos dados pessoais e a privacidade de nossos clientes, colaboradores e parceiros s\u00e3o prioridades absolutas. Estamos totalmente comprometidos com o cumprimento da Lei Geral de Prote\u00e7\u00e3o de Dados (LGPD &#8211; Lei n\u00ba 13.709\/2018), que estabelece diretrizes claras sobre a coleta, armazenamento, tratamento e compartilhamento de informa\u00e7\u00f5es pessoais. Entendemos que os [&hellip;]<\/p>\n","protected":false},"author":1,"featured_media":0,"parent":0,"menu_order":0,"comment_status":"closed","ping_status":"closed","template":"","meta":{"_regular_price":[],"currency_symbol":[],"om_disable_all_campaigns":false,"_monsterinsights_skip_tracking":false,"_monsterinsights_sitenote_active":false,"_monsterinsights_sitenote_note":"","_monsterinsights_sitenote_category":0},"aioseo_notices":[],"post_slider_layout_featured_media_urls":{"thumbnail":"","post_slider_layout_landscape_large":"","post_slider_layout_portrait_large":"","post_slider_layout_square_large":"","post_slider_layout_landscape":"","post_slider_layout_portrait":"","post_slider_layout_square":"","full":""},"_links":{"self":[{"href":"https:\/\/planejarservicos.com.br\/index.php\/wp-json\/wp\/v2\/pages\/1245"}],"collection":[{"href":"https:\/\/planejarservicos.com.br\/index.php\/wp-json\/wp\/v2\/pages"}],"about":[{"href":"https:\/\/planejarservicos.com.br\/index.php\/wp-json\/wp\/v2\/types\/page"}],"author":[{"embeddable":true,"href":"https:\/\/planejarservicos.com.br\/index.php\/wp-json\/wp\/v2\/users\/1"}],"replies":[{"embeddable":true,"href":"https:\/\/planejarservicos.com.br\/index.php\/wp-json\/wp\/v2\/comments?post=1245"}],"version-history":[{"count":4,"href":"https:\/\/planejarservicos.com.br\/index.php\/wp-json\/wp\/v2\/pages\/1245\/revisions"}],"predecessor-version":[{"id":1250,"href":"https:\/\/planejarservicos.com.br\/index.php\/wp-json\/wp\/v2\/pages\/1245\/revisions\/1250"}],"wp:attachment":[{"href":"https:\/\/planejarservicos.com.br\/index.php\/wp-json\/wp\/v2\/media?parent=1245"}],"curies":[{"name":"wp","href":"https:\/\/api.w.org\/{rel}","templated":true}]}}