{"id":349,"date":"2021-08-24T11:27:12","date_gmt":"2021-08-24T14:27:12","guid":{"rendered":"https:\/\/planejarservicos.com.br\/?page_id=349"},"modified":"2021-09-06T14:28:09","modified_gmt":"2021-09-06T17:28:09","slug":"carreiras","status":"publish","type":"page","link":"https:\/\/planejarservicos.com.br\/index.php\/carreiras\/","title":{"rendered":"Trabalhe conosco"},"content":{"rendered":"\t\t<div data-elementor-type=\"wp-page\" data-elementor-id=\"349\" class=\"elementor elementor-349\">\n\t\t\t\t\t\t\t\t\t<section class=\"elementor-section elementor-top-section elementor-element elementor-element-a70bede elementor-section-boxed elementor-section-height-default elementor-section-height-default\" data-id=\"a70bede\" data-element_type=\"section\">\n\t\t\t\t\t\t<div class=\"elementor-container elementor-column-gap-default\">\n\t\t\t\t\t<div class=\"elementor-column elementor-col-100 elementor-top-column elementor-element elementor-element-bd0caaf\" data-id=\"bd0caaf\" data-element_type=\"column\">\n\t\t\t<div class=\"elementor-widget-wrap elementor-element-populated\">\n\t\t\t\t\t\t\t\t<div class=\"elementor-element elementor-element-bfb4484 elementor-widget elementor-widget-text-editor\" data-id=\"bfb4484\" data-element_type=\"widget\" data-widget_type=\"text-editor.default\">\n\t\t\t\t<div class=\"elementor-widget-container\">\n\t\t\t<style>\/*! elementor - v3.6.0 - 21-03-2022 *\/\n.elementor-widget-text-editor.elementor-drop-cap-view-stacked .elementor-drop-cap{background-color:#818a91;color:#fff}.elementor-widget-text-editor.elementor-drop-cap-view-framed .elementor-drop-cap{color:#818a91;border:3px solid;background-color:transparent}.elementor-widget-text-editor:not(.elementor-drop-cap-view-default) .elementor-drop-cap{margin-top:8px}.elementor-widget-text-editor:not(.elementor-drop-cap-view-default) .elementor-drop-cap-letter{width:1em;height:1em}.elementor-widget-text-editor .elementor-drop-cap{float:left;text-align:center;line-height:1;font-size:50px}.elementor-widget-text-editor .elementor-drop-cap-letter{display:inline-block}<\/style>\t\t\t\t<p>Estamos em busca de profissionais qualificados, que amam o que fazem e que estejam \u00e0 procura de uma oportunidade no mercado. Possu\u00edmos um departamento de Recursos Humanos especializado em recrutamento e sele\u00e7\u00e3o de profissionais com perfil adequado a cada fun\u00e7\u00e3o.<\/p><p><b>Selecione abaixo seu estado:<\/b><\/p>\t\t\t\t\t\t<\/div>\n\t\t\t\t<\/div>\n\t\t\t\t<div class=\"elementor-element elementor-element-a48eda4 elementor-widget elementor-widget-html\" data-id=\"a48eda4\" data-element_type=\"widget\" data-widget_type=\"html.default\">\n\t\t\t\t<div class=\"elementor-widget-container\">\n\t\t\t<style>\n        <\/style>\n<div class='row'>                    <div class='col-md-4 col-md-offset-2'>\n                        <a class=\"button-white blue center\" href=\"https:\/\/planejarservicos.com.br\/index.php\/rio-de-janeiro\/\">Rio de Janeiro<\/a>\n                    <\/div>\t\t<\/div>\n\t\t\t\t<\/div>\n\t\t\t\t<div class=\"elementor-element elementor-element-dd4be84 elementor-widget elementor-widget-html\" data-id=\"dd4be84\" data-element_type=\"widget\" data-widget_type=\"html.default\">\n\t\t\t\t<div class=\"elementor-widget-container\">\n\t\t\t<style>\n        <\/style>\n<div class='row'>                    <div class='col-md-4 col-md-offset-2'>\n                        <a class=\"button-white blue center\" href=\"https:\/\/planejarservicos.com.br\/index.php\/minas-gerais\/\">Minas Gerais<\/a>\n                    <\/div>\t\t<\/div>\n\t\t\t\t<\/div>\n\t\t\t\t\t<\/div>\n\t\t<\/div>\n\t\t\t\t\t\t\t<\/div>\n\t\t<\/section>\n\t\t\t\t\t\t\t<\/div>\n\t\t","protected":false},"excerpt":{"rendered":"<p>Estamos em busca de profissionais qualificados, que amam o que fazem e que estejam \u00e0 procura de uma oportunidade no mercado. Possu\u00edmos um departamento de Recursos Humanos especializado em recrutamento e sele\u00e7\u00e3o de profissionais com perfil adequado a cada fun\u00e7\u00e3o. Selecione abaixo seu estado: Rio de Janeiro Minas Gerais<\/p>\n","protected":false},"author":1,"featured_media":0,"parent":0,"menu_order":0,"comment_status":"closed","ping_status":"closed","template":"","meta":{"_regular_price":[],"currency_symbol":[],"om_disable_all_campaigns":false,"_monsterinsights_skip_tracking":false,"_monsterinsights_sitenote_active":false,"_monsterinsights_sitenote_note":"","_monsterinsights_sitenote_category":0},"aioseo_notices":[],"post_slider_layout_featured_media_urls":{"thumbnail":"","post_slider_layout_landscape_large":"","post_slider_layout_portrait_large":"","post_slider_layout_square_large":"","post_slider_layout_landscape":"","post_slider_layout_portrait":"","post_slider_layout_square":"","full":""},"_links":{"self":[{"href":"https:\/\/planejarservicos.com.br\/index.php\/wp-json\/wp\/v2\/pages\/349"}],"collection":[{"href":"https:\/\/planejarservicos.com.br\/index.php\/wp-json\/wp\/v2\/pages"}],"about":[{"href":"https:\/\/planejarservicos.com.br\/index.php\/wp-json\/wp\/v2\/types\/page"}],"author":[{"embeddable":true,"href":"https:\/\/planejarservicos.com.br\/index.php\/wp-json\/wp\/v2\/users\/1"}],"replies":[{"embeddable":true,"href":"https:\/\/planejarservicos.com.br\/index.php\/wp-json\/wp\/v2\/comments?post=349"}],"version-history":[{"count":17,"href":"https:\/\/planejarservicos.com.br\/index.php\/wp-json\/wp\/v2\/pages\/349\/revisions"}],"predecessor-version":[{"id":502,"href":"https:\/\/planejarservicos.com.br\/index.php\/wp-json\/wp\/v2\/pages\/349\/revisions\/502"}],"wp:attachment":[{"href":"https:\/\/planejarservicos.com.br\/index.php\/wp-json\/wp\/v2\/media?parent=349"}],"curies":[{"name":"wp","href":"https:\/\/api.w.org\/{rel}","templated":true}]}}